{"id":363,"date":"2018-03-13T22:02:04","date_gmt":"2018-03-13T22:02:04","guid":{"rendered":"http:\/\/kawazu-trading.de\/?page_id=363"},"modified":"2018-03-17T01:06:09","modified_gmt":"2018-03-17T01:06:09","slug":"landing-page-2-2","status":"publish","type":"page","link":"https:\/\/kawazu-trading.de\/?page_id=363","title":{"rendered":"Datenschutzerkl\u00e4rung"},"content":{"rendered":"<p>[et_pb_section bb_built=&#8220;1&#8243; admin_label=&#8220;Hero Section&#8220; fullwidth=&#8220;on&#8220; _builder_version=&#8220;3.0.106&#8243; background_image=&#8220;https:\/\/kawazu-trading.de\/wp-content\/uploads\/2018\/03\/DSC_0753.jpg&#8220; next_background_color=&#8220;#000000&#8243;][et_pb_fullwidth_header title=&#8220;Datenschutzerkl\u00e4rung&#8220; subhead=&#8220;Kawazu Trading&#8220; background_layout=&#8220;dark&#8220; text_orientation=&#8220;right&#8220; background_overlay_color=&#8220;rgba(5,69,151,0.21)&#8220; content_max_width=&#8220;550px&#8220; _builder_version=&#8220;3.0.106&#8243; title_font=&#8220;Poppins|700||on|||||&#8220; title_font_size=&#8220;24px&#8220; title_text_color=&#8220;#edbb5f&#8220; title_letter_spacing=&#8220;2px&#8220; title_line_height=&#8220;1.8em&#8220; subhead_font=&#8220;Playfair Display|700||on|||||&#8220; subhead_text_align=&#8220;center&#8220; subhead_font_size=&#8220;48px&#8220; subhead_letter_spacing=&#8220;4px&#8220; subhead_line_height=&#8220;1.4em&#8220; background_image=&#8220;https:\/\/kawazu-trading.de\/wp-content\/uploads\/2018\/03\/DSC_0753.jpg&#8220; parallax=&#8220;on&#8220; parallax_method=&#8220;on&#8220; module_alignment=&#8220;right&#8220; custom_margin=&#8220;|||&#8220; custom_padding=&#8220;8%||260px|&#8220; custom_button_two=&#8220;on&#8220; button_two_border_width=&#8220;1px&#8220; button_two_border_color=&#8220;rgba(255,255,255,0.3)&#8220; button_two_border_radius=&#8220;0px&#8220; button_two_letter_spacing=&#8220;1px&#8220; button_two_font=&#8220;Saira Extra Condensed|600||on|||||&#8220; button_two_icon=&#8220;%%3%%&#8220; button_two_icon_color=&#8220;#edbb5f&#8220; button_two_text_color_hover=&#8220;#edbb5f&#8220; button_two_bg_color_hover=&#8220;rgba(0,0,0,0)&#8220; custom_button_one=&#8220;on&#8220; button_one_border_width=&#8220;1px&#8220; button_one_border_color=&#8220;rgba(255,255,255,0.3)&#8220; button_one_border_radius=&#8220;0px&#8220; button_one_letter_spacing=&#8220;1px&#8220; button_one_font=&#8220;Saira Extra Condensed|600||on|||||&#8220; button_one_icon=&#8220;%%3%%&#8220; button_one_icon_color=&#8220;#edbb5f&#8220; button_one_text_color_hover=&#8220;#edbb5f&#8220; button_one_bg_color_hover=&#8220;rgba(0,0,0,0)&#8220; header_fullscreen=&#8220;off&#8220; header_scroll_down=&#8220;off&#8220; image_orientation=&#8220;center&#8220; content_orientation=&#8220;center&#8220; button_one_icon_placement=&#8220;right&#8220; button_two_icon_placement=&#8220;right&#8220; \/][\/et_pb_section][et_pb_section bb_built=&#8220;1&#8243; admin_label=&#8220;Free Consultation&#8220; _builder_version=&#8220;3.0.98&#8243; custom_padding=&#8220;0px|0px|10px|0px&#8220; prev_background_color=&#8220;#000000&#8243; next_background_color=&#8220;#000000&#8243;][et_pb_row custom_padding=&#8220;|||&#8220; _builder_version=&#8220;3.0.98&#8243;][et_pb_column type=&#8220;1_2&#8243;][et_pb_cta title=&#8220;ein internationales Handelsunternehmen&#8220; button_url=&#8220;#&#8220; use_background_color=&#8220;off&#8220; _builder_version=&#8220;3.0.106&#8243; header_font=&#8220;Poppins|700||on|||||&#8220; header_text_align=&#8220;center&#8220; header_font_size=&#8220;14px&#8220; header_text_color=&#8220;#ed9a00&#8243; header_letter_spacing=&#8220;2px&#8220; header_line_height=&#8220;2em&#8220; body_font=&#8220;Playfair Display|700||on|||||&#8220; body_font_size=&#8220;38px&#8220; body_text_color=&#8220;#000000&#8243; body_letter_spacing=&#8220;2px&#8220; body_line_height=&#8220;1.4em&#8220; use_background_color_gradient=&#8220;on&#8220; background_color_gradient_start=&#8220;rgba(12,113,195,0.58)&#8220; background_color_gradient_end=&#8220;rgba(12,113,195,0.12)&#8220; background_color_gradient_overlays_image=&#8220;on&#8220; background_image=&#8220;https:\/\/kawazu-trading.de\/wp-content\/uploads\/2018\/03\/92791972_ml.jpg&#8220; custom_margin=&#8220;-200px|||&#8220; custom_padding=&#8220;10%||10%|&#8220; custom_button=&#8220;on&#8220; button_text_color=&#8220;#ffffff&#8220; button_bg_color=&#8220;#edbb5f&#8220; button_border_width=&#8220;0px&#8220; button_border_radius=&#8220;0px&#8220; button_letter_spacing=&#8220;1px&#8220; button_font=&#8220;Saira Extra Condensed|600||on|||||&#8220; button_use_icon=&#8220;off&#8220; button_border_radius_hover=&#8220;1px&#8220; animation_style=&#8220;flip&#8220; animation_direction=&#8220;left&#8220; animation_starting_opacity=&#8220;100%&#8220; box_shadow_style=&#8220;preset3&#8243; box_shadow_vertical=&#8220;15px&#8220; box_shadow_blur=&#8220;80px&#8220; box_shadow_color=&#8220;#054597&#8243; locked=&#8220;off&#8220; inline_fonts=&#8220;Denk One,Poppins&#8220; url_new_window=&#8220;off&#8220; background_layout=&#8220;dark&#8220; button_icon_placement=&#8220;right&#8220;]<\/p>\n<p><span style=\"color: #ffffff;\"><span style=\"font-size: x-large;\"><strong><span style=\"font-family: Poppins;\">mit Sitz in M\u00fcnchen<br \/>\n<\/span><\/strong><\/span><strong style=\"font-size: x-large;\"><span style=\"font-family: Poppins;\">aber Wurzeln in Japan<\/span><\/strong><\/span><\/p>\n<p>[\/et_pb_cta][\/et_pb_column][et_pb_column type=&#8220;1_2&#8243;][\/et_pb_column][\/et_pb_row][\/et_pb_section][et_pb_section bb_built=&#8220;1&#8243; admin_label=&#8220;section&#8220; parallax_method=&#8220;off&#8220; custom_padding=&#8220;0px|||&#8220; custom_padding_tablet=&#8220;50px|0|50px|0&#8243; custom_padding_last_edited=&#8220;on|desktop&#8220; _builder_version=&#8220;3.0.106&#8243; prev_background_color=&#8220;#000000&#8243;][et_pb_row admin_label=&#8220;row&#8220; background_position=&#8220;top_left&#8220; background_repeat=&#8220;repeat&#8220; background_size=&#8220;initial&#8220;][et_pb_column type=&#8220;4_4&#8243;][et_pb_text background_layout=&#8220;light&#8220; use_border_color=&#8220;off&#8220; module_alignment=&#8220;left&#8220; background_position=&#8220;top_left&#8220; background_repeat=&#8220;repeat&#8220; background_size=&#8220;initial&#8220; _builder_version=&#8220;3.0.106&#8243;]<\/p>\n<p><b><span style=\"font-size: x-large;\">Datenschutz<\/span><\/b> <\/p>\n<p>Die Betreiber dieser Seiten nehmen den Schutz Ihrer pers\u00f6nlichen Daten sehr ernst. Wir behandeln Ihre personenbezogenen Daten vertraulich und entsprechend der gesetzlichen Datenschutzvorschriften sowie dieser Datenschutzerkl\u00e4rung.<\/p>\n<p>Die Nutzung unserer Website ist in der Regel ohne Angabe personenbezogener Daten m\u00f6glich. Soweit auf unseren Seiten personenbezogene Daten (beispielsweise Name, Anschrift oder E-Mail-Adressen) erhoben werden, erfolgt dies, soweit m\u00f6glich, stets auf freiwilliger Basis. Diese Daten werden ohne Ihre ausdr\u00fcckliche Zustimmung nicht an Dritte weitergegeben.<\/p>\n<p>Wir weisen darauf hin, dass die Daten\u00fcbertragung im Internet (z.B. bei der Kommunikation per E-Mail) Sicherheitsl\u00fccken aufweisen kann. Ein l\u00fcckenloser Schutz der Daten vor dem Zugriff durch Dritte ist nicht m\u00f6glich.<\/p>\n<p>&nbsp;<\/p>\n<p> <b><span style=\"font-size: x-large;\">Kontaktformular<\/span><\/b> <\/p>\n<p>Wenn Sie uns per Kontaktformular Anfragen zukommen lassen, werden Ihre Angaben aus dem Anfrageformular inklusive der von Ihnen dort angegebenen Kontaktdaten zwecks Bearbeitung der Anfrage und f\u00fcr den Fall von Anschlussfragen bei uns gespeichert. Diese Daten geben wir nicht ohne Ihre Einwilligung weiter.<\/p>\n<p>&nbsp;<\/p>\n<p> <b><span style=\"font-size: x-large;\">Newsletterdaten<\/span><\/b> <\/p>\n<p>Wenn Sie den auf der Website angebotenen Newsletter beziehen m\u00f6chten, ben\u00f6tigen wir von Ihnen eine E-Mail-Adresse sowie Informationen, welche uns die \u00dcberpr\u00fcfung gestatten, dass Sie der Inhaber der angegebenen E-Mail-Adresse sind und mit dem Empfang des Newsletters einverstanden sind. Weitere Daten werden nicht erhoben. Diese Daten verwenden wir ausschlie\u00dflich f\u00fcr den Versand der angeforderten Informationen und geben sie nicht an Dritte weiter.<\/p>\n<p>Die erteilte Einwilligung zur Speicherung der Daten, der E-Mail-Adresse sowie deren Nutzung zum Versand des Newsletters k\u00f6nnen Sie jederzeit widerrufen, etwa \u00fcber den &#8222;Austragen&#8220;-Link im Newsletter.<\/p>\n<p>&nbsp;<\/p>\n<p> <b><span style=\"font-size: x-large;\">Google Analytics<\/span><\/b> <\/p>\n<p>Diese Website nutzt Funktionen des Webanalysedienstes Google Analytics. Anbieter ist die Google Inc., 1600 Amphitheatre Parkway Mountain View, CA 94043, USA.<\/p>\n<p>Google Analytics verwendet so genannte &#8222;Cookies&#8220;. Das sind Textdateien, die auf Ihrem Computer gespeichert werden und die eine Analyse der Benutzung der Website durch Sie erm\u00f6glichen. Die durch den Cookie erzeugten Informationen \u00fcber Ihre Benutzung dieser Website werden in der Regel an einen Server von Google in den USA \u00fcbertragen und dort gespeichert.<\/p>\n<p><strong>Browser Plugin<\/strong><\/p>\n<p>Sie k\u00f6nnen die Speicherung der Cookies durch eine entsprechende Einstellung Ihrer Browser-Software verhindern; wir weisen Sie jedoch darauf hin, dass Sie in diesem Fall gegebenenfalls nicht s\u00e4mtliche Funktionen dieser Website vollumf\u00e4nglich werden nutzen k\u00f6nnen. Sie k\u00f6nnen dar\u00fcber hinaus die Erfassung der durch den Cookie erzeugten und auf Ihre Nutzung der Website bezogenen Daten (inkl. Ihrer IP-Adresse) an Google sowie die Verarbeitung dieser Daten durch Google verhindern, indem Sie das unter dem folgenden Link verf\u00fcgbare Browser-Plugin herunterladen und installieren: <a href=\"https:\/\/tools.google.com\/dlpage\/gaoptout?hl=de\" target=\"_blank\">https:\/\/tools.google.com\/dlpage\/gaoptout?hl=de<\/a><\/p>\n<p><strong>Widerspruch gegen Datenerfassung<\/strong><\/p>\n<p>Sie k\u00f6nnen die Erfassung Ihrer Daten durch Google Analytics verhindern, indem Sie auf folgenden Link klicken. Es wird ein Opt-Out-Cookie gesetzt, der die Erfassung Ihrer Daten bei zuk\u00fcnftigen Besuchen dieser Website verhindert: <a href=\"javascript:gaOptout();\">Google Analytics deaktivieren<\/a><\/p>\n<p>Mehr Informationen zum Umgang mit Nutzerdaten bei Google Analytics finden Sie in der Datenschutzerkl\u00e4rung von Google: <a href=\"https:\/\/support.google.com\/analytics\/answer\/6004245?hl=de\" target=\"_blank\">https:\/\/support.google.com\/analytics\/answer\/6004245?hl=de<\/a><\/p>\n<p>&nbsp;<\/p>\n<p> <b><span style=\"font-size: x-large;\">SSL-Verschl\u00fcsselung<\/span><\/b> <\/p>\n<p>Diese Seite nutzt aus Gr\u00fcnden der Sicherheit und zum Schutz der \u00dcbertragung vertraulicher Inhalte, wie zum Beispiel der Anfragen, die Sie an uns als Seitenbetreiber senden, eine SSL-Verschl\u00fcsselung. Eine verschl\u00fcsselte Verbindung erkennen Sie daran, dass die Adresszeile des Browsers von &#8222;http:\/\/&#8220; auf &#8222;https:\/\/&#8220; wechselt und an dem Schloss-Symbol in Ihrer Browserzeile.<\/p>\n<p>Wenn die SSL Verschl\u00fcsselung aktiviert ist, k\u00f6nnen die Daten, die Sie an uns \u00fcbermitteln, nicht von Dritten mitgelesen werden.<\/p>\n<p>&nbsp;<\/p>\n<p> <b><span style=\"font-size: x-large;\">Widerspruch Werbe-Mails<\/span><\/b> <\/p>\n<p>Der Nutzung von im Rahmen der Impressumspflicht ver\u00f6ffentlichten Kontaktdaten zur \u00dcbersendung von nicht ausdr\u00fccklich angeforderter Werbung und Informationsmaterialien wird hiermit widersprochen. Die Betreiber der Seiten behalten sich ausdr\u00fccklich rechtliche Schritte im Falle der unverlangten Zusendung von Werbeinformationen, etwa durch Spam-E-Mails, vor.<\/p>\n<p>&nbsp;<\/p>\n<p>Quelle: <a href=\"https:\/\/www.e-recht24.de\">eRecht24<\/a><\/p>\n<p>[\/et_pb_text][\/et_pb_column][\/et_pb_row][\/et_pb_section]<\/p>\n","protected":false},"excerpt":{"rendered":"<p>mit Sitz in M\u00fcnchen aber Wurzeln in Japan Datenschutz Die Betreiber dieser Seiten nehmen den Schutz Ihrer pers\u00f6nlichen Daten sehr ernst. Wir behandeln Ihre personenbezogenen Daten vertraulich und entsprechend der gesetzlichen Datenschutzvorschriften sowie dieser Datenschutzerkl\u00e4rung. Die Nutzung unserer Website ist in der Regel ohne Angabe personenbezogener Daten m\u00f6glich. Soweit auf unseren Seiten personenbezogene Daten (beispielsweise [&hellip;]<\/p>\n","protected":false},"author":1,"featured_media":0,"parent":0,"menu_order":0,"comment_status":"closed","ping_status":"closed","template":"","meta":{"_et_pb_use_builder":"on","_et_pb_old_content":"","_et_gb_content_width":""},"_links":{"self":[{"href":"https:\/\/kawazu-trading.de\/index.php?rest_route=\/wp\/v2\/pages\/363"}],"collection":[{"href":"https:\/\/kawazu-trading.de\/index.php?rest_route=\/wp\/v2\/pages"}],"about":[{"href":"https:\/\/kawazu-trading.de\/index.php?rest_route=\/wp\/v2\/types\/page"}],"author":[{"embeddable":true,"href":"https:\/\/kawazu-trading.de\/index.php?rest_route=\/wp\/v2\/users\/1"}],"replies":[{"embeddable":true,"href":"https:\/\/kawazu-trading.de\/index.php?rest_route=%2Fwp%2Fv2%2Fcomments&post=363"}],"version-history":[{"count":4,"href":"https:\/\/kawazu-trading.de\/index.php?rest_route=\/wp\/v2\/pages\/363\/revisions"}],"predecessor-version":[{"id":5722,"href":"https:\/\/kawazu-trading.de\/index.php?rest_route=\/wp\/v2\/pages\/363\/revisions\/5722"}],"wp:attachment":[{"href":"https:\/\/kawazu-trading.de\/index.php?rest_route=%2Fwp%2Fv2%2Fmedia&parent=363"}],"curies":[{"name":"wp","href":"https:\/\/api.w.org\/{rel}","templated":true}]}}