{"id":5690,"date":"2018-03-13T23:29:09","date_gmt":"2018-03-13T23:29:09","guid":{"rendered":"http:\/\/kawazu-trading.de\/?page_id=5690"},"modified":"2018-03-13T23:53:25","modified_gmt":"2018-03-13T23:53:25","slug":"landing-page-2-2-2","status":"publish","type":"page","link":"https:\/\/kawazu-trading.de\/?page_id=5690","title":{"rendered":"Disclaimer"},"content":{"rendered":"<p>[et_pb_section bb_built=&#8220;1&#8243; admin_label=&#8220;Hero Section&#8220; fullwidth=&#8220;on&#8220; _builder_version=&#8220;3.0.106&#8243; background_image=&#8220;https:\/\/kawazu-trading.de\/wp-content\/uploads\/2018\/03\/DSC_0753.jpg&#8220; next_background_color=&#8220;#000000&#8243;][et_pb_fullwidth_header title=&#8220;Disclaimer&#8220; subhead=&#8220;Kawazu Trading&#8220; background_layout=&#8220;dark&#8220; text_orientation=&#8220;right&#8220; background_overlay_color=&#8220;rgba(5,69,151,0.21)&#8220; content_max_width=&#8220;550px&#8220; _builder_version=&#8220;3.0.106&#8243; title_font=&#8220;Poppins|700||on|||||&#8220; title_font_size=&#8220;24px&#8220; title_text_color=&#8220;#edbb5f&#8220; title_letter_spacing=&#8220;2px&#8220; title_line_height=&#8220;1.8em&#8220; subhead_font=&#8220;Playfair Display|700||on|||||&#8220; subhead_text_align=&#8220;center&#8220; subhead_font_size=&#8220;48px&#8220; subhead_letter_spacing=&#8220;4px&#8220; subhead_line_height=&#8220;1.4em&#8220; background_image=&#8220;https:\/\/kawazu-trading.de\/wp-content\/uploads\/2018\/03\/DSC_0753.jpg&#8220; parallax=&#8220;on&#8220; parallax_method=&#8220;on&#8220; module_alignment=&#8220;right&#8220; custom_margin=&#8220;|||&#8220; custom_padding=&#8220;8%||260px|&#8220; custom_button_two=&#8220;on&#8220; button_two_border_width=&#8220;1px&#8220; button_two_border_color=&#8220;rgba(255,255,255,0.3)&#8220; button_two_border_radius=&#8220;0px&#8220; button_two_letter_spacing=&#8220;1px&#8220; button_two_font=&#8220;Saira Extra Condensed|600||on|||||&#8220; button_two_icon=&#8220;%%3%%&#8220; button_two_icon_color=&#8220;#edbb5f&#8220; button_two_text_color_hover=&#8220;#edbb5f&#8220; button_two_bg_color_hover=&#8220;rgba(0,0,0,0)&#8220; custom_button_one=&#8220;on&#8220; button_one_border_width=&#8220;1px&#8220; button_one_border_color=&#8220;rgba(255,255,255,0.3)&#8220; button_one_border_radius=&#8220;0px&#8220; button_one_letter_spacing=&#8220;1px&#8220; button_one_font=&#8220;Saira Extra Condensed|600||on|||||&#8220; button_one_icon=&#8220;%%3%%&#8220; button_one_icon_color=&#8220;#edbb5f&#8220; button_one_text_color_hover=&#8220;#edbb5f&#8220; button_one_bg_color_hover=&#8220;rgba(0,0,0,0)&#8220; header_fullscreen=&#8220;off&#8220; header_scroll_down=&#8220;off&#8220; image_orientation=&#8220;center&#8220; content_orientation=&#8220;center&#8220; button_one_icon_placement=&#8220;right&#8220; button_two_icon_placement=&#8220;right&#8220; \/][\/et_pb_section][et_pb_section bb_built=&#8220;1&#8243; admin_label=&#8220;Free Consultation&#8220; _builder_version=&#8220;3.0.98&#8243; custom_padding=&#8220;0px|0px|10px|0px&#8220; prev_background_color=&#8220;#000000&#8243; next_background_color=&#8220;#000000&#8243;][et_pb_row custom_padding=&#8220;|||&#8220; _builder_version=&#8220;3.0.98&#8243;][et_pb_column type=&#8220;1_2&#8243;][et_pb_cta title=&#8220;ein internationales Handelsunternehmen&#8220; button_url=&#8220;#&#8220; use_background_color=&#8220;off&#8220; _builder_version=&#8220;3.0.106&#8243; header_font=&#8220;Poppins|700||on|||||&#8220; header_text_align=&#8220;center&#8220; header_font_size=&#8220;14px&#8220; header_text_color=&#8220;#ed9a00&#8243; header_letter_spacing=&#8220;2px&#8220; header_line_height=&#8220;2em&#8220; body_font=&#8220;Playfair Display|700||on|||||&#8220; body_font_size=&#8220;38px&#8220; body_text_color=&#8220;#000000&#8243; body_letter_spacing=&#8220;2px&#8220; body_line_height=&#8220;1.4em&#8220; use_background_color_gradient=&#8220;on&#8220; background_color_gradient_start=&#8220;rgba(12,113,195,0.58)&#8220; background_color_gradient_end=&#8220;rgba(12,113,195,0.12)&#8220; background_color_gradient_overlays_image=&#8220;on&#8220; background_image=&#8220;https:\/\/kawazu-trading.de\/wp-content\/uploads\/2018\/03\/92791972_ml.jpg&#8220; custom_margin=&#8220;-200px|||&#8220; custom_padding=&#8220;10%||10%|&#8220; custom_button=&#8220;on&#8220; button_text_color=&#8220;#ffffff&#8220; button_bg_color=&#8220;#edbb5f&#8220; button_border_width=&#8220;0px&#8220; button_border_radius=&#8220;0px&#8220; button_letter_spacing=&#8220;1px&#8220; button_font=&#8220;Saira Extra Condensed|600||on|||||&#8220; button_use_icon=&#8220;off&#8220; button_border_radius_hover=&#8220;1px&#8220; animation_style=&#8220;flip&#8220; animation_direction=&#8220;left&#8220; animation_starting_opacity=&#8220;100%&#8220; box_shadow_style=&#8220;preset3&#8243; box_shadow_vertical=&#8220;15px&#8220; box_shadow_blur=&#8220;80px&#8220; box_shadow_color=&#8220;#054597&#8243; locked=&#8220;off&#8220; inline_fonts=&#8220;Denk One,Poppins&#8220; url_new_window=&#8220;off&#8220; background_layout=&#8220;dark&#8220; button_icon_placement=&#8220;right&#8220;]<\/p>\n<p><span style=\"color: #ffffff;\"><span style=\"font-size: x-large;\"><strong><span style=\"font-family: Poppins;\">mit Sitz in M\u00fcnchen<br \/>\n<\/span><\/strong><\/span><strong style=\"font-size: x-large;\"><span style=\"font-family: Poppins;\">aber Wurzeln in Japan<\/span><\/strong><\/span><\/p>\n<p>[\/et_pb_cta][\/et_pb_column][et_pb_column type=&#8220;1_2&#8243;][\/et_pb_column][\/et_pb_row][\/et_pb_section][et_pb_section bb_built=&#8220;1&#8243; admin_label=&#8220;section&#8220; parallax_method=&#8220;off&#8220; custom_padding=&#8220;0px|||&#8220; custom_padding_tablet=&#8220;50px|0|50px|0&#8243; custom_padding_last_edited=&#8220;on|desktop&#8220; _builder_version=&#8220;3.0.106&#8243; prev_background_color=&#8220;#000000&#8243;][et_pb_row admin_label=&#8220;row&#8220; background_position=&#8220;top_left&#8220; background_repeat=&#8220;repeat&#8220; background_size=&#8220;initial&#8220;][et_pb_column type=&#8220;4_4&#8243;][et_pb_text background_layout=&#8220;light&#8220; use_border_color=&#8220;off&#8220; module_alignment=&#8220;left&#8220; background_position=&#8220;top_left&#8220; background_repeat=&#8220;repeat&#8220; background_size=&#8220;initial&#8220; _builder_version=&#8220;3.0.106&#8243;]<\/p>\n<p><strong> Haftungsbeschr\u00e4nkung<br \/>\n<\/strong><\/p>\n<p>a) Inhalte und Rechtsbeitr\u00e4ge<br \/>\nDie Inhalte unserer Internetseite &#8211;\u00a0vor allem die Rechtsbeitr\u00e4ge &#8211;\u00a0werden mit gr\u00f6\u00dfter Sorgfalt recherchiert. Dennoch kann der Anbieter keine Haftung f\u00fcr die Richtigkeit, Vollst\u00e4ndigkeit und Aktualit\u00e4t der bereit gestellten Informationen \u00fcbernehmen. Die Informationen sind insbesondere auch allgemeiner Art und stellen keine Rechtsberatung im Einzelfall dar. Zur L\u00f6sung von konkreten Rechtsf\u00e4llen konsultieren Sie bitte unbedingt einen Rechtsanwalt.<\/p>\n<p>b) Verf\u00fcgbarkeit<br \/>\nWir werden uns ebenfalls bem\u00fchen, den Dienst m\u00f6glichst unterbrechungsfrei zum Abruf anzubieten. Auch bei aller Sorgfalt k\u00f6nnen aber Ausfallzeiten nicht ausgeschlossen werden.<\/p>\n<p>c) Externe Links<br \/>\nDiese Website enth\u00e4lt Verkn\u00fcpfungen zu Websites Dritter (&#8222;externe Links&#8220;). Diese Websites unterliegen der Haftung der jeweiligen Betreiber. Der Anbieter hat bei der erstmaligen Verkn\u00fcpfung der externen Links die fremden Inhalte daraufhin \u00fcberpr\u00fcft, ob etwaige Rechtsverst\u00f6\u00dfe bestehen. Zu dem Zeitpunkt waren keine Rechtsverst\u00f6\u00dfe ersichtlich. Der Anbieter hat keinerlei Einfluss auf die aktuelle und zuk\u00fcnftige Gestaltung und auf die Inhalte der verkn\u00fcpften Seiten. Das Setzen von externen Links bedeutet nicht, dass sich der Anbieter die hinter dem Verweis oder Link liegenden Inhalte zu Eigen macht. Eine st\u00e4ndige Kontrolle dieser externen Links ist f\u00fcr den Anbieter ohne konkrete Hinweise auf Rechtsverst\u00f6\u00dfe nicht zumutbar. Bei Kenntnis von Rechtsverst\u00f6\u00dfen werden jedoch derartige externe Links unverz\u00fcglich gel\u00f6scht.<\/p>\n<p>d) Kein Vertragsverh\u00e4ltnis<br \/>\nMit der Nutzung der frei zug\u00e4nglichen und kostenlosen Inhalte kommt keinerlei Vertragsverh\u00e4ltnis zwischen dem Nutzer und dem Anbieter zustande.<br \/>\n<em>Sollten Sie eine Verletzung als gegeben ansehen, bittet der Anbieter um einen Hinweis kollegialiter und von kostenverursachenden Ma\u00dfnahmen abzusehen. <\/em><\/p>\n<p><strong> Urheberrecht<\/strong><\/p>\n<p>Die auf dieser Website ver\u00f6ffentlichten Inhalte und Werke sind urheberrechtlich gesch\u00fctzt. Jede vom deutschen Urheberrecht nicht zugelassene Verwertung bedarf der vorherigen schriftlichen Zustimmung des jeweiligen Autors oder Urhebers. Dies gilt insbesondere f\u00fcr Vervielf\u00e4ltigung, Bearbeitung, \u00dcbersetzung, Einspeicherung, Verarbeitung bzw. Wiedergabe von Inhalten in Datenbanken oder anderen elektronischen Medien und Systemen. Inhalte und Beitr\u00e4ge Dritter sind dabei als solche gekennzeichnet. Die unerlaubte Vervielf\u00e4ltigung oder Weitergabe einzelner Inhalte oder kompletter Seiten ist nicht gestattet und strafbar. Lediglich die Herstellung von Kopien und Downloads f\u00fcr den pers\u00f6nlichen, privaten und nicht kommerziellen Gebrauch ist erlaubt.<br \/>\nLinks zu den Websites des Anbieters sind jederzeit willkommen und bed\u00fcrfen keiner Zustimmung durch den Betreiber der Website. Die Darstellung dieser Website in fremden Frames ist nur mit Erlaubnis zul\u00e4ssig ist.<\/p>\n<p><strong> Datenschutz<\/strong><\/p>\n<p>Durch den Besuch der Website des Anbieters k\u00f6nnen Informationen \u00fcber den Zugriff (Datum, Uhrzeit, betrachtete Seite) auf dem Server gespeichert werden. Diese Daten geh\u00f6ren nicht zu den personenbezogenen Daten, sondern sind anonymisiert. Sie werden ausschlie\u00dflich zu statistischen Zwecken ausgewertet. Eine Weitergabe an Dritte, zu kommerziellen oder nichtkommerziellen Zwecken, findet nicht statt.<br \/>\nDer Anbieter weist ausdr\u00fccklich darauf hin, dass die Daten\u00fcbertragung im Internet (z.B. bei der Kommunikation per E-Mail) Sicherheitsl\u00fccken aufweisen und nicht l\u00fcckenlos vor dem Zugriff durch Dritte gesch\u00fctzt werden kann.<br \/>\nDie Verwendung der Kontaktdaten der Anbieterkennzeichnung &#8211; insbesondere der Telefon-\/Faxnummern und E-Mailadresse &#8211; zur gewerblichen Werbung ist ausdr\u00fccklich nicht erw\u00fcnscht, es sei denn der Anbieter hatte zuvor seine schriftliche Einwilligung erteilt oder es besteht bereits ein gesch\u00e4ftlicher Kontakt. Der Anbieter und alle auf dieser Website genannten Personen widersprechen hiermit jeder kommerziellen Verwendung und Weitergabe ihrer Daten.<\/p>\n<p>&nbsp;<\/p>\n<p><strong>Google Analytics<\/strong><\/p>\n<p>Diese Website benutzt Google Analytics, einen Webanalysedienst der Google Inc. (\u201eGoogle\u201c). Google Analytics verwendet sog. \u201eCookies\u201c, Textdateien, die auf Ihrem Computer gespeichert werden und die eine Analyse der Benutzung der Website durch Sie erm\u00f6glichen. Die durch den Cookie erzeugten Informationen \u00fcber Ihre Benutzung dieser Website werden in der Regel an einen Server von Google in den USA \u00fcbertragen und dort gespeichert. Wir haben die IP-Anonymisierung auf dieser Webseite aktiviert, so dass Ihre IP-Adresse von Google innerhalb von Mitgliedstaaten der Europ\u00e4ischen Union oder in anderen Vertragsstaaten des Abkommens \u00fcber den Europ\u00e4ischen Wirtschaftsraum zuvor gek\u00fcrzt wird. Im Auftrag des Betreibers dieser Website wird Google diese Informationen benutzen, um Ihre Nutzung der Website auszuwerten, um Reports \u00fcber die Websiteaktivit\u00e4ten zusammenzustellen und um weitere mit der Websitenutzung und der Internetnutzung verbundene Dienstleistungen gegen\u00fcber dem Websitebetreiber zu erbringen. Die im Rahmen von Google Analytics von Ihrem Browser \u00fcbermittelte IP-Adresse wird nicht mit anderen Daten von Google zusammengef\u00fchrt. Sie k\u00f6nnen die Speicherung der Cookies durch eine entsprechende Einstellung Ihrer Browser-Software verhindern; wir weisen Sie jedoch darauf hin, dass Sie in diesem Fall gegebenenfalls nicht s\u00e4mtliche Funktionen dieser Website vollumf\u00e4nglich werden nutzen k\u00f6nnen. Sie k\u00f6nnen dar\u00fcber hinaus die Erfassung der durch das Cookie erzeugten und auf Ihre Nutzung der Website bezogenen Daten (inkl. Ihrer IP-Adresse) an Google sowie die Verarbeitung dieser Daten durch Google verhindern, indem sie das unter dem folgenden Link (<a href=\"http:\/\/tools.google.com\/dlpage\/gaoptout?hl=de\">http:\/\/tools.google.com\/dlpage\/gaoptout?hl=de<\/a>) verf\u00fcgbare Browser-Plugin herunterladen und installieren.<\/p>\n<p><strong> Anwendbares Recht<br \/>\n<\/strong>Es gilt ausschlie\u00dflich das ma\u00dfgebliche Recht der Bundesrepublik Deutschland. Diese Nutzungshinweise sind als Teil des Internetangebotes zu betrachten, von dem aus auf diese Seite verwiesen wurde.<\/p>\n<p>[\/et_pb_text][\/et_pb_column][\/et_pb_row][\/et_pb_section]<\/p>\n","protected":false},"excerpt":{"rendered":"<p>mit Sitz in M\u00fcnchen aber Wurzeln in Japan Haftungsbeschr\u00e4nkung a) Inhalte und Rechtsbeitr\u00e4ge Die Inhalte unserer Internetseite &#8211;\u00a0vor allem die Rechtsbeitr\u00e4ge &#8211;\u00a0werden mit gr\u00f6\u00dfter Sorgfalt recherchiert. Dennoch kann der Anbieter keine Haftung f\u00fcr die Richtigkeit, Vollst\u00e4ndigkeit und Aktualit\u00e4t der bereit gestellten Informationen \u00fcbernehmen. Die Informationen sind insbesondere auch allgemeiner Art und stellen keine Rechtsberatung im [&hellip;]<\/p>\n","protected":false},"author":1,"featured_media":0,"parent":0,"menu_order":0,"comment_status":"closed","ping_status":"closed","template":"","meta":{"_et_pb_use_builder":"on","_et_pb_old_content":"","_et_gb_content_width":""},"_links":{"self":[{"href":"https:\/\/kawazu-trading.de\/index.php?rest_route=\/wp\/v2\/pages\/5690"}],"collection":[{"href":"https:\/\/kawazu-trading.de\/index.php?rest_route=\/wp\/v2\/pages"}],"about":[{"href":"https:\/\/kawazu-trading.de\/index.php?rest_route=\/wp\/v2\/types\/page"}],"author":[{"embeddable":true,"href":"https:\/\/kawazu-trading.de\/index.php?rest_route=\/wp\/v2\/users\/1"}],"replies":[{"embeddable":true,"href":"https:\/\/kawazu-trading.de\/index.php?rest_route=%2Fwp%2Fv2%2Fcomments&post=5690"}],"version-history":[{"count":4,"href":"https:\/\/kawazu-trading.de\/index.php?rest_route=\/wp\/v2\/pages\/5690\/revisions"}],"predecessor-version":[{"id":5706,"href":"https:\/\/kawazu-trading.de\/index.php?rest_route=\/wp\/v2\/pages\/5690\/revisions\/5706"}],"wp:attachment":[{"href":"https:\/\/kawazu-trading.de\/index.php?rest_route=%2Fwp%2Fv2%2Fmedia&parent=5690"}],"curies":[{"name":"wp","href":"https:\/\/api.w.org\/{rel}","templated":true}]}}